{"id":25830,"date":"2025-04-07T14:06:26","date_gmt":"2025-04-07T11:06:26","guid":{"rendered":"https:\/\/musichool.co\/?post_type=product&#038;p=25830"},"modified":"2025-07-21T10:25:57","modified_gmt":"2025-07-21T07:25:57","slug":"afro-house-sample-pack-bugra-atmaca","status":"publish","type":"product","link":"https:\/\/musichool.co\/tr\/product\/afro-house-sample-pack-bugra-atmaca\/","title":{"rendered":"Afro House Sample Pack"},"content":{"rendered":"<h3><span style=\"font-weight: 400;\">Profesyonel prod\u00fckt\u00f6r ve e\u011fitmen <\/span><b>Bu\u011fra Atmaca<\/b><span style=\"font-weight: 400;\"> taraf\u0131ndan haz\u0131rlanan bu \u00f6zel <\/span><b>Afro House Sample Pack<\/b><span style=\"font-weight: 400;\">, hem yeni ba\u015flayanlar hem de deneyimli yap\u0131mc\u0131lar i\u00e7in zengin ve ilham verici i\u00e7erikler sunuyor. Paketin i\u00e7inde, ritmik derinlikten melodik atmosferlere kadar Afro House\u2019un temel yap\u0131 ta\u015flar\u0131n\u0131 olu\u015fturan \u00e7ok say\u0131da ses \u00f6gesi bulunuyor.<\/span><\/h3>\n<p><span style=\"font-weight: 400;\">\ud83c\udfb5 <\/span><b>Paket \u0130\u00e7eri\u011fi:<\/b><\/p>\n<ul>\n<li style=\"font-weight: 400;\" aria-level=\"1\"><span style=\"font-weight: 400;\">50 adet <\/span><b>Serum Preset<\/b><span style=\"font-weight: 400;\"> (Afro House\u2019a \u00f6zel sound design)<\/span><\/li>\n<li style=\"font-weight: 400;\" aria-level=\"1\"><span style=\"font-weight: 400;\">15 adet <\/span><b>Kick<\/b><\/li>\n<li style=\"font-weight: 400;\" aria-level=\"1\"><span style=\"font-weight: 400;\">13 adet <\/span><b>Clap<\/b><\/li>\n<li style=\"font-weight: 400;\" aria-level=\"1\"><span style=\"font-weight: 400;\">12 adet <\/span><b>Snare<\/b><\/li>\n<li style=\"font-weight: 400;\" aria-level=\"1\"><span style=\"font-weight: 400;\">15 adet <\/span><b>Shaker<\/b><\/li>\n<li style=\"font-weight: 400;\" aria-level=\"1\"><span style=\"font-weight: 400;\">15 adet <\/span><b>Tom<\/b><\/li>\n<li style=\"font-weight: 400;\" aria-level=\"1\"><span style=\"font-weight: 400;\">15 adet <\/span><b>Top Loop<\/b><\/li>\n<li style=\"font-weight: 400;\" aria-level=\"1\"><span style=\"font-weight: 400;\">10 adet <\/span><b>SFX<\/b><\/li>\n<li style=\"font-weight: 400;\" aria-level=\"1\"><span style=\"font-weight: 400;\">8 adet <\/span><b>Groove Hit<\/b><\/li>\n<li style=\"font-weight: 400;\" aria-level=\"1\"><span style=\"font-weight: 400;\">4 adet tam d\u00fczenlenmi\u015f <\/span><b>FL Studio Proje Dosyas\u0131<\/b><\/li>\n<\/ul>\n<p><span style=\"font-weight: 400;\">Her i\u00e7erik, Afro House\u2019un groove odakl\u0131 ve enerjik yap\u0131s\u0131na g\u00f6re tasarlanm\u0131\u015f, do\u011frudan prod\u00fcksiyonlar\u0131nda kullan\u0131ma haz\u0131rd\u0131r.<\/span><span style=\"font-weight: 400;\"><br \/>\n<\/span><span style=\"font-weight: 400;\"> \u0130ster s\u0131f\u0131rdan bir beat \u00fcret, ister projelerine hareket kat\u2014bu sample pack tam sana g\u00f6re!<\/span><\/p>\n<p><span style=\"font-weight: 400;\">\ud83d\udd0a <\/span><b>Uyumlu DAW\u2019lar:<\/b><b><br \/>\n<\/b><span style=\"font-weight: 400;\"> T\u00fcm sample\u2019lar WAV format\u0131ndad\u0131r.<\/span><\/p>\n<p><span style=\"font-weight: 400;\">FL Studio kullan\u0131c\u0131lar\u0131 i\u00e7in ekstra avantaj: 4 proje dosyas\u0131 dahil!<\/span><\/p>\n","protected":false},"excerpt":{"rendered":"<h2>Afro House Sample Pack &#8211; Bu\u011fra Atmaca<\/h2>\n","protected":false},"featured_media":25831,"comment_status":"open","ping_status":"closed","template":"","meta":[],"product_brand":[],"product_cat":[875,836],"product_tag":[],"class_list":{"0":"post-25830","1":"product","2":"type-product","3":"status-publish","4":"has-post-thumbnail","6":"product_cat-bugra-atmaca","7":"product_cat-sample-pack","9":"first","10":"instock","11":"downloadable","12":"virtual","13":"sold-individually","14":"taxable","15":"purchasable","16":"product-type-simple"},"aioseo_notices":[],"_links":{"self":[{"href":"https:\/\/musichool.co\/tr\/wp-json\/wp\/v2\/product\/25830","targetHints":{"allow":["GET"]}}],"collection":[{"href":"https:\/\/musichool.co\/tr\/wp-json\/wp\/v2\/product"}],"about":[{"href":"https:\/\/musichool.co\/tr\/wp-json\/wp\/v2\/types\/product"}],"replies":[{"embeddable":true,"href":"https:\/\/musichool.co\/tr\/wp-json\/wp\/v2\/comments?post=25830"}],"version-history":[{"count":0,"href":"https:\/\/musichool.co\/tr\/wp-json\/wp\/v2\/product\/25830\/revisions"}],"wp:featuredmedia":[{"embeddable":true,"href":"https:\/\/musichool.co\/tr\/wp-json\/wp\/v2\/media\/25831"}],"wp:attachment":[{"href":"https:\/\/musichool.co\/tr\/wp-json\/wp\/v2\/media?parent=25830"}],"wp:term":[{"taxonomy":"product_brand","embeddable":true,"href":"https:\/\/musichool.co\/tr\/wp-json\/wp\/v2\/product_brand?post=25830"},{"taxonomy":"product_cat","embeddable":true,"href":"https:\/\/musichool.co\/tr\/wp-json\/wp\/v2\/product_cat?post=25830"},{"taxonomy":"product_tag","embeddable":true,"href":"https:\/\/musichool.co\/tr\/wp-json\/wp\/v2\/product_tag?post=25830"}],"curies":[{"name":"wp","href":"https:\/\/api.w.org\/{rel}","templated":true}]}}