{"id":26054,"date":"2025-04-11T10:33:23","date_gmt":"2025-04-11T07:33:23","guid":{"rendered":"https:\/\/musichool.co\/?post_type=product&#038;p=26054"},"modified":"2025-07-21T10:26:32","modified_gmt":"2025-07-21T07:26:32","slug":"drum-kit-sample-pack","status":"publish","type":"product","link":"https:\/\/musichool.co\/tr\/product\/drum-kit-sample-pack\/","title":{"rendered":"Drum Kit Sample Pack"},"content":{"rendered":"<p><span style=\"font-weight: 400;\">Deneyimli e\u011fitmenim Ogeday Erg\u00fcven\u2019in \u00f6zenle haz\u0131rlad\u0131\u011f\u0131 bu <\/span><b>Drum Kit Sample Pack<\/b><span style=\"font-weight: 400;\">, \u00f6zellikle <\/span><b>hip hop<\/b><span style=\"font-weight: 400;\"> prod\u00fcksiyonlar\u0131n\u0131z i\u00e7in ihtiyac\u0131n\u0131z olan t\u00fcm g\u00fc\u00e7l\u00fc ve karakteristik sesleri bir araya getiriyor. Echorbit Audio taraf\u0131ndan \u00f6zenle haz\u0131rlanm\u0131\u015f Urban Pulse, modern hiphop ve elektronik m\u00fczik prod\u00fcksiyonlar\u0131 i\u00e7in g\u00fc\u00e7l\u00fc bir temel sunar. Sert kick\u2019ler, tok snare\u2019ler, zengin hi-hat\u2019ler ve karakterli perkusyonlarla dolu bu paket, beat\u2019lerinize an\u0131nda enerji katmak i\u00e7in tasarland\u0131. \u0130ster underground bir trap par\u00e7a, ister deneysel bir elektronik altyap\u0131 \u00fczerinde \u00e7al\u0131\u015f\u0131yor olun, Urban Pulse sizi harekete ge\u00e7irecek\u00a0seslerle\u00a0dolu.<\/span><\/p>\n<p><b>Bu zengin i\u00e7erikli sample pack ile neler elde edeceksiniz?<\/b><\/p>\n<ul>\n<li style=\"font-weight: 400;\" aria-level=\"1\"><b>Kick&#8217;ler (42 Adet):<\/b><span style=\"font-weight: 400;\"> Par\u00e7alar\u0131n\u0131z\u0131n temelini olu\u015fturacak, derin ve etkileyici bas frekanslar\u0131na sahip 42 farkl\u0131 kick sample. Her tarza uygun, punchy ve tok vuru\u015flar.<\/span><\/li>\n<li style=\"font-weight: 400;\" aria-level=\"1\"><b>Clap&#8217;ler (7 Adet):<\/b><span style=\"font-weight: 400;\"> Ritmlerinize enerji ve vurgu katacak 7 adet keskin ve dolgun clap sample. Farkl\u0131 t\u0131n\u0131lar ile yarat\u0131c\u0131l\u0131\u011f\u0131n\u0131z\u0131 konu\u015fturun.<\/span><\/li>\n<li style=\"font-weight: 400;\" aria-level=\"1\"><b>Zil Sesleri (17 Adet Crash &amp; Ride):<\/b><span style=\"font-weight: 400;\"> Par\u00e7alar\u0131n\u0131za atmosfer ve ge\u00e7i\u015fler ekleyecek 17 farkl\u0131 crash ve ride zili. Uzun sustainli ve k\u0131sa, parlak se\u00e7enekler.<\/span><\/li>\n<li style=\"font-weight: 400;\" aria-level=\"1\"><b>Hi-Hat&#8217;ler (18 Adet Closed):<\/b><span style=\"font-weight: 400;\"> Ritmlerinize groove ve ak\u0131c\u0131l\u0131k katacak 18 adet s\u0131k\u0131ca kapat\u0131lm\u0131\u015f hi-hat sample. Farkl\u0131 ton ve atak se\u00e7enekleri.<\/span><\/li>\n<li style=\"font-weight: 400;\" aria-level=\"1\"><b>Hi-Hat&#8217;ler (5 Adet Open):<\/b><span style=\"font-weight: 400;\"> Ritmlerinize nefes ve dinamizm katacak 5 adet a\u00e7\u0131k hi-hat sample. Farkl\u0131 uzunluk ve decay s\u00fcreleri.<\/span><\/li>\n<li style=\"font-weight: 400;\" aria-level=\"1\"><b>Haz\u0131r D\u00f6ng\u00fcler (4 Adet Loops):<\/b><span style=\"font-weight: 400;\"> \u0130lham almak veya par\u00e7alar\u0131n\u0131za h\u0131zl\u0131ca bir temel atmak i\u00e7in kullanabilece\u011finiz 4 adet yarat\u0131c\u0131 davul loop&#8217;u. Farkl\u0131 ritim ve groove&#8217;lar.<\/span><\/li>\n<li style=\"font-weight: 400;\" aria-level=\"1\"><b>\u00c7e\u015fitli Perk\u00fcsyonlar (9 Adet):<\/b><span style=\"font-weight: 400;\"> Ritmlerinize renk ve doku katacak 9 farkl\u0131 perk\u00fcsyon sample. Shaker, rimshot, conga gibi \u00e7e\u015fitli sesler.<\/span><\/li>\n<li style=\"font-weight: 400;\" aria-level=\"1\"><b>Snare&#8217;ler (24 Adet):<\/b><span style=\"font-weight: 400;\"> Par\u00e7alar\u0131n\u0131z\u0131n omurgas\u0131n\u0131 olu\u015fturacak 24 adet g\u00fc\u00e7l\u00fc ve karakteristik snare sample. Farkl\u0131 t\u0131n\u0131lar, katmanlar ve efektlerle zenginle\u015ftirilmi\u015f se\u00e7enekler.<\/span><\/li>\n<\/ul>\n<p><b>Neden Bu Sample Pack&#8217;i Se\u00e7melisiniz?<\/b><\/p>\n<ul>\n<li style=\"font-weight: 400;\" aria-level=\"1\"><b>Hip Hop Odakl\u0131:<\/b><span style=\"font-weight: 400;\"> \u00d6zellikle modern hip hop prod\u00fcksiyonlar\u0131 i\u00e7in \u00f6zenle se\u00e7ilmi\u015f ve i\u015flenmi\u015f sesler i\u00e7erir.<\/span><\/li>\n<li style=\"font-weight: 400;\" aria-level=\"1\"><b>Y\u00fcksek Kalite:<\/b><span style=\"font-weight: 400;\"> Her bir sample, profesyonel st\u00fcdyo standartlar\u0131nda kaydedilmi\u015f ve d\u00fczenlenmi\u015ftir.<\/span><\/li>\n<li style=\"font-weight: 400;\" aria-level=\"1\"><b>\u00c7e\u015fitlilik:<\/b><span style=\"font-weight: 400;\"> Geni\u015f bir yelpazede davul ve perk\u00fcsyon sesleri sunarak yarat\u0131c\u0131l\u0131\u011f\u0131n\u0131z\u0131 destekler.<\/span><\/li>\n<li style=\"font-weight: 400;\" aria-level=\"1\"><b>Kullan\u0131m Kolayl\u0131\u011f\u0131:<\/b><span style=\"font-weight: 400;\"> T\u00fcm sample&#8217;lar standart ses format\u0131ndad\u0131r ve t\u00fcm DAW (Digital Audio Workstation) yaz\u0131l\u0131mlar\u0131yla uyumludur.<\/span><\/li>\n<li style=\"font-weight: 400;\" aria-level=\"1\"><b>Musichool G\u00fcvencesi:<\/b><span style=\"font-weight: 400;\"> Alan\u0131nda uzman e\u011fitmenimizin deneyimiyle haz\u0131rlanm\u0131\u015ft\u0131r.<\/span><\/li>\n<\/ul>\n<p><span style=\"font-weight: 400;\">M\u00fczi\u011finize yeni bir soluk getirin ve hip hop ritmlerinizi bir \u00fcst seviyeye ta\u015f\u0131y\u0131n! Musichool Kar\u0131\u015f\u0131k Drum Kit Sample Pack ile beatleriniz art\u0131k \u00e7ok daha g\u00fc\u00e7l\u00fc ve etkileyici olacak.<\/span><\/p>\n<p><b>Hemen indirin ve ritmi hissedin!<\/b><\/p>\n","protected":false},"excerpt":{"rendered":"<h2>Drum Kit Sample Pack<\/h2>\n","protected":false},"featured_media":26055,"comment_status":"open","ping_status":"closed","template":"","meta":[],"product_brand":[],"product_cat":[874,836],"product_tag":[],"class_list":{"0":"post-26054","1":"product","2":"type-product","3":"status-publish","4":"has-post-thumbnail","6":"product_cat-ogeday","7":"product_cat-sample-pack","9":"first","10":"instock","11":"downloadable","12":"virtual","13":"sold-individually","14":"taxable","15":"purchasable","16":"product-type-simple"},"aioseo_notices":[],"_links":{"self":[{"href":"https:\/\/musichool.co\/tr\/wp-json\/wp\/v2\/product\/26054","targetHints":{"allow":["GET"]}}],"collection":[{"href":"https:\/\/musichool.co\/tr\/wp-json\/wp\/v2\/product"}],"about":[{"href":"https:\/\/musichool.co\/tr\/wp-json\/wp\/v2\/types\/product"}],"replies":[{"embeddable":true,"href":"https:\/\/musichool.co\/tr\/wp-json\/wp\/v2\/comments?post=26054"}],"version-history":[{"count":0,"href":"https:\/\/musichool.co\/tr\/wp-json\/wp\/v2\/product\/26054\/revisions"}],"wp:featuredmedia":[{"embeddable":true,"href":"https:\/\/musichool.co\/tr\/wp-json\/wp\/v2\/media\/26055"}],"wp:attachment":[{"href":"https:\/\/musichool.co\/tr\/wp-json\/wp\/v2\/media?parent=26054"}],"wp:term":[{"taxonomy":"product_brand","embeddable":true,"href":"https:\/\/musichool.co\/tr\/wp-json\/wp\/v2\/product_brand?post=26054"},{"taxonomy":"product_cat","embeddable":true,"href":"https:\/\/musichool.co\/tr\/wp-json\/wp\/v2\/product_cat?post=26054"},{"taxonomy":"product_tag","embeddable":true,"href":"https:\/\/musichool.co\/tr\/wp-json\/wp\/v2\/product_tag?post=26054"}],"curies":[{"name":"wp","href":"https:\/\/api.w.org\/{rel}","templated":true}]}}