{"id":28191,"date":"2025-05-14T15:52:38","date_gmt":"2025-05-14T12:52:38","guid":{"rendered":"https:\/\/musichool.co\/?post_type=product&#038;p=28191"},"modified":"2025-05-14T16:01:27","modified_gmt":"2025-05-14T13:01:27","slug":"tibet-kasesi-1-adet","status":"publish","type":"product","link":"https:\/\/musichool.co\/tr\/product\/tibet-kasesi-1-adet\/","title":{"rendered":"Tibet Kasesi 1 Adet"},"content":{"rendered":"<p><strong>Tibet Hint Kasesi &#8211; <span data-sheets-root=\"1\">Tekli Pirin\u00e7<\/span><\/strong><\/p>\n<p>El Yap\u0131m\u0131 Tibet K\u00e2sesi \u2013 Meditasyon, Ses Terapisi ve Enerji Dengeleme \u0130\u00e7in Do\u011fal Se\u00e7im<\/p>\n<p>Binlerce y\u0131ll\u0131k bir gelene\u011fin izlerini ta\u015f\u0131yan Tibet K\u00e2sesi, meditasyon, ses terapisi ve enerji \u00e7al\u0131\u015fmalar\u0131 i\u00e7in vazge\u00e7ilmez bir ara\u00e7t\u0131r. Tamamen el i\u015f\u00e7ili\u011fiyle \u00fcretilen bu \u00f6zel k\u00e2se, yayd\u0131\u011f\u0131 titre\u015fimler ve rezonans ile hem zihni hem bedeni derin bir rahatlama haline ta\u015f\u0131r.<\/p>\n<p>Tibet kasesi kullan\u0131m\u0131, odaklanmay\u0131 kolayla\u015ft\u0131r\u0131r, i\u00e7sel dengeyi destekler ve bulundu\u011funuz ortama huzurlu bir enerji yayar. \u015eifa ve bilin\u00e7 fark\u0131ndal\u0131\u011f\u0131 alan\u0131nda s\u0131kl\u0131kla tercih edilen bu enstr\u00fcman, yoga e\u011fitmenlerinden terapi uzmanlar\u0131na kadar geni\u015f bir kullan\u0131c\u0131 kitlesine hitap eder.<\/p>\n<p>Alt\u0131n-bronz tonlar\u0131ndaki parlak y\u00fczeyi ve tokmakla kolayca ses \u00e7\u0131karabilme \u00f6zelli\u011fi sayesinde hem i\u015flevsel hem de dekoratif bir \u00fcr\u00fcnd\u00fcr. \u0130ster tekli, ister 3\u2019l\u00fc ya da 7\u2019li set olarak Tibet kasesi sat\u0131n al, sesin iyile\u015ftirici g\u00fcc\u00fcn\u00fc ke\u015ffet!<\/p>\n","protected":false},"excerpt":{"rendered":"<h1>El Yap\u0131m\u0131 Tibet K\u00e2sesi &#8211; <span data-sheets-root=\"1\">Tekli Pirin\u00e7<\/span><\/h1>\n<p>Meditasyon, Ses Terapisi ve Enerji Dengeleme \u0130\u00e7in Do\u011fal Se\u00e7im<br \/>\nBinlerce y\u0131ll\u0131k bir gelene\u011fin izlerini ta\u015f\u0131yan Tibet K\u00e2sesi, meditasyon, ses terapisi ve enerji \u00e7al\u0131\u015fmalar\u0131 i\u00e7in vazge\u00e7ilmez bir ara\u00e7t\u0131r. Tamamen el i\u015f\u00e7ili\u011fiyle \u00fcretilen bu \u00f6zel k\u00e2se, yayd\u0131\u011f\u0131 titre\u015fimler ve rezonans ile hem zihni hem bedeni derin bir rahatlama haline ta\u015f\u0131r.<\/p>\n<div id=\"gtx-trans\" style=\"position: absolute; left: -6px; top: 66.075px;\">\n<div class=\"gtx-trans-icon\"><\/div>\n<\/div>\n","protected":false},"featured_media":28202,"comment_status":"open","ping_status":"closed","template":"","meta":[],"product_brand":[],"product_cat":[531,868],"product_tag":[],"class_list":{"0":"post-28191","1":"product","2":"type-product","3":"status-publish","4":"has-post-thumbnail","6":"product_cat-enstruman","7":"product_cat-tibet-kasesi","9":"first","10":"instock","11":"taxable","12":"shipping-taxable","13":"purchasable","14":"product-type-simple"},"aioseo_notices":[],"_links":{"self":[{"href":"https:\/\/musichool.co\/tr\/wp-json\/wp\/v2\/product\/28191","targetHints":{"allow":["GET"]}}],"collection":[{"href":"https:\/\/musichool.co\/tr\/wp-json\/wp\/v2\/product"}],"about":[{"href":"https:\/\/musichool.co\/tr\/wp-json\/wp\/v2\/types\/product"}],"replies":[{"embeddable":true,"href":"https:\/\/musichool.co\/tr\/wp-json\/wp\/v2\/comments?post=28191"}],"version-history":[{"count":0,"href":"https:\/\/musichool.co\/tr\/wp-json\/wp\/v2\/product\/28191\/revisions"}],"wp:featuredmedia":[{"embeddable":true,"href":"https:\/\/musichool.co\/tr\/wp-json\/wp\/v2\/media\/28202"}],"wp:attachment":[{"href":"https:\/\/musichool.co\/tr\/wp-json\/wp\/v2\/media?parent=28191"}],"wp:term":[{"taxonomy":"product_brand","embeddable":true,"href":"https:\/\/musichool.co\/tr\/wp-json\/wp\/v2\/product_brand?post=28191"},{"taxonomy":"product_cat","embeddable":true,"href":"https:\/\/musichool.co\/tr\/wp-json\/wp\/v2\/product_cat?post=28191"},{"taxonomy":"product_tag","embeddable":true,"href":"https:\/\/musichool.co\/tr\/wp-json\/wp\/v2\/product_tag?post=28191"}],"curies":[{"name":"wp","href":"https:\/\/api.w.org\/{rel}","templated":true}]}}